{"id":724,"date":"2017-09-29T18:39:14","date_gmt":"2017-09-29T17:39:14","guid":{"rendered":"http:\/\/kabyles2quebec.com\/fk2q\/?page_id=724"},"modified":"2025-05-16T19:06:23","modified_gmt":"2025-05-16T18:06:23","slug":"nous-joindre-2","status":"publish","type":"page","link":"http:\/\/kabyles2quebec.com\/fk2q\/nous-joindre-2\/","title":{"rendered":"Nous Joindre"},"content":{"rendered":"<hr \/>\n<p style=\"padding-left: 120px;\"><strong><em><span style=\"color: #ff0000;\">Coordonn\u00e9es pour nous rejoindre en tout temps :<\/span> <\/em><\/strong><\/p>\n<p style=\"padding-left: 180px;\">@Courriel\u00a0\u00a0\u00a0\u00a0\u00a0 <strong>:\u00a0<\/strong> <a href=\"mailto:kabyles2quebec@gmail.com\" target=\"_blank\" rel=\"noopener noreferrer\"><strong>kabyles2quebec@gmail.com<\/strong><br \/>\n<\/a>Site Web\u00a0\u00a0\u00a0\u00a0\u00a0\u00a0\u00a0 <strong>:<\/strong>\u00a0 <em><em><strong><span id=\"m_-9195272034100756107yui_3_16_0_ym19_1_1505321421585_3287\"><a href=\"mailto:kabyles2quebec@gmail.com\" target=\"_blank\" rel=\"noopener noreferrer\">www.kabyles2quebec.com<br \/>\n<\/a><\/span><\/strong>Facebook\u00a0\u00a0\u00a0\u00a0\u00a0 <strong>:\u00a0 @<a href=\"mailto:kabyles2quebec@gmail.com\" target=\"_blank\" rel=\"noopener noreferrer\">kabyles2quebec<\/a><\/strong><\/em><\/em><\/p>\n<hr \/>\n<h2 style=\"text-align: center;\"><span style=\"color: #0000ff;\">Forum Kabyle de la Ville de Qu\u00e9bec\u00a0<\/span><\/h2>\n<h4 style=\"text-align: center;\"><span style=\"color: #003366;\">Membres du conseil d&rsquo;administration 2025-2027<\/span><\/h4>\n<div class=\"x11i5rnm xat24cr x1mh8g0r x1vvkbs xtlvy1s x126k92a\">\n<div dir=\"auto\"><\/div>\n<div dir=\"auto\"><\/div>\n<\/div>\n<div class=\"x11i5rnm xat24cr x1mh8g0r x1vvkbs xtlvy1s x126k92a\">\n<div dir=\"auto\"><strong>Houria Bouhitem<\/strong>, Presidente<\/div>\n<div dir=\"auto\"><strong>Kheir-Eddine Lahanch<\/strong>, Vice-Pr\u00e9sident<\/div>\n<div dir=\"auto\"><strong>Mourad Slaim<\/strong>, Tr\u00e9sorier<\/div>\n<div dir=\"auto\"><strong>Djamila Kaci<\/strong>, Coordonnatrice des \u00e9v\u00e9nements<\/div>\n<div dir=\"auto\"><strong>Ibrahim Nait Ouslimane<\/strong>, Secr\u00e9taire g\u00e9n\u00e9ral<\/div>\n<div dir=\"auto\"><strong>Lhafid Meziani<\/strong>, Responsable des communications<\/div>\n<div dir=\"auto\"><strong>Smail Sider<\/strong>, Responsable des partenariats<\/div>\n<\/div>\n<div class=\"x11i5rnm xat24cr x1mh8g0r x1vvkbs xtlvy1s x126k92a\">\n<div dir=\"auto\"><\/div>\n<\/div>\n<hr \/>\n<h6 style=\"padding-left: 120px; text-align: center;\"><\/h6>\n","protected":false},"excerpt":{"rendered":"Coordonn\u00e9es pour nous rejoindre en tout temps : @Courriel\u00a0\u00a0\u00a0\u00a0\u00a0 :\u00a0 kabyles2quebec@gmail.com Site Web\u00a0\u00a0\u00a0\u00a0\u00a0\u00a0\u00a0 :\u00a0 www.kabyles2quebec.com Facebook\u00a0\u00a0\u00a0\u00a0\u00a0 :\u00a0 @kabyles2quebec Forum Kabyle de la Ville \n<a class=\"moretag\" href=\"http:\/\/kabyles2quebec.com\/fk2q\/nous-joindre-2\/\"> [...]<\/a>","protected":false},"author":9,"featured_media":0,"parent":0,"menu_order":0,"comment_status":"closed","ping_status":"closed","template":"","meta":[],"_links":{"self":[{"href":"http:\/\/kabyles2quebec.com\/fk2q\/wp-json\/wp\/v2\/pages\/724"}],"collection":[{"href":"http:\/\/kabyles2quebec.com\/fk2q\/wp-json\/wp\/v2\/pages"}],"about":[{"href":"http:\/\/kabyles2quebec.com\/fk2q\/wp-json\/wp\/v2\/types\/page"}],"author":[{"embeddable":true,"href":"http:\/\/kabyles2quebec.com\/fk2q\/wp-json\/wp\/v2\/users\/9"}],"replies":[{"embeddable":true,"href":"http:\/\/kabyles2quebec.com\/fk2q\/wp-json\/wp\/v2\/comments?post=724"}],"version-history":[{"count":26,"href":"http:\/\/kabyles2quebec.com\/fk2q\/wp-json\/wp\/v2\/pages\/724\/revisions"}],"predecessor-version":[{"id":1912,"href":"http:\/\/kabyles2quebec.com\/fk2q\/wp-json\/wp\/v2\/pages\/724\/revisions\/1912"}],"wp:attachment":[{"href":"http:\/\/kabyles2quebec.com\/fk2q\/wp-json\/wp\/v2\/media?parent=724"}],"curies":[{"name":"wp","href":"https:\/\/api.w.org\/{rel}","templated":true}]}}