{"id":504,"date":"2017-08-02T16:18:34","date_gmt":"2017-08-02T15:18:34","guid":{"rendered":"http:\/\/kabyles2quebec.com\/fk2q\/?page_id=504"},"modified":"2023-01-25T21:56:51","modified_gmt":"2023-01-25T20:56:51","slug":"qui-sommes-nous","status":"publish","type":"page","link":"http:\/\/kabyles2quebec.com\/fk2q\/qui-sommes-nous\/","title":{"rendered":"Qui sommes-nous ?"},"content":{"rendered":"<h4 style=\"text-align: center;\"><strong><span style=\"color: #800000;\">\u2d30\u2d33\u2d54\u2d30\u2d61 \u2d30\u2d47\u2d60\u2d30\u2d62\u2d4d\u2d49 \u2d4f \u2d5c\u2d3b\u2d4e\u2d37\u2d49\u2d4f\u2d5c \u2d4f \u2d3d\u2d49\u2d31\u2d3b\u2d3d \/ <\/span><\/strong><span style=\"color: #008000;\">Agraw aqvayli n temdint n KibeK \/ <\/span><span style=\"color: #ffcc00;\"><span style=\"color: #ff0000;\">Forum Kabyle de la Ville de Qu\u00e9bec <\/span><span style=\"color: #ffff00;\"><br \/>\n<\/span><\/span><\/h4>\n<hr \/>\n<h2><span style=\"color: #0000ff;\">Qui sommes-nous?<\/span><\/h2>\n<h4 style=\"text-align: center;\"><span style=\"color: #ffcc00;\"><span style=\"color: #ffff00;\"><img decoding=\"async\" loading=\"lazy\" class=\"alignleft\" src=\"https:\/\/ci3.googleusercontent.com\/proxy\/Kf65ioC7VmZHEAMBC0GCI8mxZ-LS7twyFZx5hHYp5oUDlUdvbM3VsdnjKvTQV7gTQuHA1GX89K7_8yGjttC0F2ztRPzeqwbDMf7slF6san4JZFWsBfplNwTVbhOA7PQIhFihXchJpwyfocbX02XyBZ6K1x6bLmon3FiP6TzlfsnNTNh72IoMtk1sn6gHGZBukewCeuI40QJ0PZ0=s0-d-e1-ft#https:\/\/docs.google.com\/uc?export=download&amp;id=0BydmtWB3t9EqNkJQeHdGV3J4X2c&amp;revid=0BydmtWB3t9EqS1RPWFRaUVBsSVlXVjN0T2Zmc0JidUZIREhnPQ\" width=\"30\" height=\"30\" \/><\/span><\/span><\/h4>\n<p>Le Forum Kabyle de la Ville de Qu\u00e9bec (FKVQ) (<a href=\"https:\/\/www.facebook.com\/Kabyles2quebec\"><span style=\"text-decoration: underline;\">Agraw Aqvayli n Temdint n Kibek<\/span><\/a><strong>)<\/strong> est un\u00a0\u00a0regroupement culturel <strong>Amazi<em>\u0263<\/em><\/strong>(gh) ou berb\u00e8re cr\u00e9\u00e9 en Janvier 2010. Il est ouvert \u00e0 toutes et \u00e0 tous sans exclusion. ceux provenant de l&rsquo;Afrique du nord (Alg\u00e9rie, Maroc, Tunisie, Libye et Siwa d&rsquo;\u00c9gypte ) ou des peuples amis ou des admirateurs de cette culture ancestrale tr\u00e8s riche qui a particip\u00e9 \u00e0 la construction de la civilisation humaine par son savoir-faire\u00a0 et qui a donn\u00e9e de valeureux hommes qui ont marqu\u00e9 l&rsquo;histoire comme les rois Massinissa, Aksel, Juba ou des penseurs comme Saint Augustin originaire de la ville de <span class=\"LrzXr kno-fv wHYlTd z8gr9e\"><a class=\"fl\" href=\"https:\/\/www.google.com\/search?rlz=1C1GCEB_en&amp;sxsrf=AJOqlzUQzGeE0CSy37OFa40xTaxRlCc4yg:1674679392409&amp;q=Thagaste&amp;stick=H4sIAAAAAAAAAOPgE2LXz9U3KDcrV-IEMUySzYsqtcSyk630C1LzC3JSgVRRcX6eVVJ-Ud4iVo6QjMT0xOKS1B2sjLvYmTgYANudyXRBAAAA&amp;sa=X&amp;ved=2ahUKEwi0-K_yyuP8AhUZg4kEHSuwC7EQmxMoAHoECHUQAg\" data-ved=\"2ahUKEwi0-K_yyuP8AhUZg4kEHSuwC7EQmxMoAHoECHUQAg\">Thagaste<\/a><\/span> \/<a href=\"https:\/\/fr.wikipedia.org\/wiki\/Royaume_de_Numidie\">Alg\u00e9rie<\/a>, n\u00e9 le <span class=\"LrzXr kno-fv wHYlTd z8gr9e\">13 novembre 354 ap. J.-C. et d\u00e9c\u00e9d\u00e9 le<span class=\"w8qArf\">\u00a0<\/span>28 ao\u00fbt 430 ap. J.-C<\/span> (voir d\u00e9tails dans le lien ci-dessous).<\/p>\n<p><a href=\"https:\/\/fr.wikipedia.org\/wiki\/Augustin_d%27Hippone\">https:\/\/fr.wikipedia.org\/wiki\/Augustin_d%27Hippone<\/a><\/p>\n<div class=\"wDYxhc\" data-attrid=\"kc:\/people\/person:born\" data-md=\"1001\" data-hveid=\"CHUQAA\" data-ved=\"2ahUKEwi0-K_yyuP8AhUZg4kEHSuwC7EQkCl6BAh1EAA\">\n<div class=\"Z1hOCe\">\n<div class=\"zloOqf PZPZlf\" data-ved=\"2ahUKEwi0-K_yyuP8AhUZg4kEHSuwC7EQyxMoAHoECHUQAQ\"><\/div>\n<\/div>\n<\/div>\n<p>Ce regroupement est \u00e0 but non lucratif (OSBL) et enregistr\u00e9e au niveau du registraire des entreprises de Qu\u00e9bec sous le neq : <strong>1166356684<\/strong>.<\/p>\n<h2><span style=\"color: #0000ff;\"><br \/>\nNotre mandat<\/span><\/h2>\n<p>Le but de notre association est de tisser des ponts,\u00a0 perp\u00e9tuer \u00e0 la ville\u00a0 de Qu\u00e9bec\u00a0 la tradition d\u2019amiti\u00e9 de nos deux cultures (Qu\u00e9b\u00e9coise et Amazi<em>\u0263<\/em> dans sa diversit\u00e9) \u00e0 travers l\u2019enseignement de la langue de nos anc\u00eatres Amazi\u03b3 et la promotion de la culture kabyle en particulier et les valeurs berb\u00e8re nord africaine en g\u00e9n\u00e9ral.<br \/>\nNous participons aussi \u00e0 l&rsquo;accueil, l&rsquo;installation et l&rsquo;orientation des nouveaux immigrants en ventant l&rsquo;accueil sp\u00e9cial r\u00e9serv\u00e9e par la soci\u00e9t\u00e9 d&rsquo;accueil aux nouveaux arrivants \u00e0 la ville de Qu\u00e9bec.<\/p>\n<p>L\u2019Association forum kabyles de la ville de Qu\u00e9bec a pour mandat de :<\/p>\n<ul>\n<li>Promouvoir la langue et la culture kabyle et berb\u00e8re dans la r\u00e9gion de Qu\u00e9bec;<\/li>\n<li>Regrouper et repr\u00e9senter les Kabyles et les Amazi<em>\u0263<\/em>\u00a0par le biais d\u2019activit\u00e9s socioculturelles, communautaires et \u00e9ducatives.<\/li>\n<li>Favoriser l\u2019information et les \u00e9changes autour de la\u00a0langue et la culture dans toute sa diversit\u00e9,<\/li>\n<li>Faciliter et aider l&rsquo;int\u00e9gration et l&rsquo;interaction des nouveaux arrivants avec la soci\u00e9t\u00e9 d&rsquo;accueil;<\/li>\n<\/ul>\n<p>Tout cela dans l\u2019optique d\u2019avoir des services et des activit\u00e9s dans la langues de nos anc\u00eatres Amazi\u03b3 qui nourrissent et soutiennent l\u2019\u00e9panouissement de la langue et de la culture des berb\u00e8res de tout \u00e2ge.<\/p>\n<p>Depuis sa cr\u00e9ation, le FKVQ est l\u00e0 pour\u00a0:<\/p>\n<ul>\n<li>Une vie associative\u00a0marqu\u00e9e notamment par la c\u00e9l\u00e9bration de journ\u00e9e li\u00e9e \u00e0 la culture Amazigh (<strong>Amezruy\u00a0Amazi<em>\u0263 <\/em><\/strong>) entre autre du nouvel an berb\u00e8re (Yennayer ), des ateliers de communication pour les enfants, du reseautage mais aussi par des sorties plus informelles organis\u00e9es tout au long de l\u2019ann\u00e9e en fonctions des \u00e9v\u00e9nements qui nous sont possible de marquer comme le 20 Avril ou le 8 Mars &#8230;.<\/li>\n<li>L\u2019organisation de\u00a0conf\u00e9rences\u00a0\u00ab\u00a0culturelles\u00a0\u00bb ou de\u00a0concerts.<\/li>\n<li>L\u2019aide \u00e0\u00a0l\u2019accueil de jeunes \u00e9l\u00e8ves et familles\u00a0dans notre r\u00e9gion.<\/li>\n<li>L\u2019information\u00a0continue sur les activit\u00e9s culturelles dans la r\u00e9gion Qu\u00e9bec.<\/li>\n<\/ul>\n<p>Pour R\u00e9f\u00e9rence et Information, vous trouverez ci-dessous : La Charte du Forum FKVQ\u00a0qui a inspir\u00e9 aussi\u00a0un r\u00e8glement Int\u00e9rieur qui d\u00e9crit le fonctionnel et l&rsquo;op\u00e9rationnel du quotidien\u00a0des membres du CA afin de baliser ses objectifs et son\u00a0fonctionnement.<\/p>\n<p>Un r\u00e8glement Int\u00e9rieur est \u00e9labor\u00e9 et enrichis par les membres du CA, \u00e0 la demande ou au besoin.<br \/>\nIl d\u00e9finis\u00a0les r\u00e8gles op\u00e9rationnelles que ce comit\u00e9 juge souple pour\u00a0encadrer sa mission de la promotion de la culture amazigh\u00a0 ainsi que\u00a0son fonctionnement\u00a0interne pour une interaction positive, constructive\u00a0et respectueuse entre les membres qui est essentiel \u00e0 l&rsquo;existence et la p\u00e9rennit\u00e9 m\u00eame de cette organisation.<\/p>\n<hr \/>\n<hr \/>\n<p style=\"text-align: center;\"><strong><span style=\"color: #000080;\"><span style=\"color: #008000;\">Votre Avis est important pour nous, \u00c9crivez\u00a0nous\u00a0 @ : &lt;kabyles2quebec@gmail.com&gt;<\/span><\/span><\/strong><\/p>\n","protected":false},"excerpt":{"rendered":"\u2d30\u2d33\u2d54\u2d30\u2d61 \u2d30\u2d47\u2d60\u2d30\u2d62\u2d4d\u2d49 \u2d4f \u2d5c\u2d3b\u2d4e\u2d37\u2d49\u2d4f\u2d5c \u2d4f \u2d3d\u2d49\u2d31\u2d3b\u2d3d \/ Agraw aqvayli n temdint n KibeK \/ Forum Kabyle de la Ville de Qu\u00e9bec Qui sommes-nous? \n<a class=\"moretag\" href=\"http:\/\/kabyles2quebec.com\/fk2q\/qui-sommes-nous\/\"> [...]<\/a>","protected":false},"author":9,"featured_media":0,"parent":0,"menu_order":0,"comment_status":"closed","ping_status":"closed","template":"","meta":[],"_links":{"self":[{"href":"http:\/\/kabyles2quebec.com\/fk2q\/wp-json\/wp\/v2\/pages\/504"}],"collection":[{"href":"http:\/\/kabyles2quebec.com\/fk2q\/wp-json\/wp\/v2\/pages"}],"about":[{"href":"http:\/\/kabyles2quebec.com\/fk2q\/wp-json\/wp\/v2\/types\/page"}],"author":[{"embeddable":true,"href":"http:\/\/kabyles2quebec.com\/fk2q\/wp-json\/wp\/v2\/users\/9"}],"replies":[{"embeddable":true,"href":"http:\/\/kabyles2quebec.com\/fk2q\/wp-json\/wp\/v2\/comments?post=504"}],"version-history":[{"count":34,"href":"http:\/\/kabyles2quebec.com\/fk2q\/wp-json\/wp\/v2\/pages\/504\/revisions"}],"predecessor-version":[{"id":1842,"href":"http:\/\/kabyles2quebec.com\/fk2q\/wp-json\/wp\/v2\/pages\/504\/revisions\/1842"}],"wp:attachment":[{"href":"http:\/\/kabyles2quebec.com\/fk2q\/wp-json\/wp\/v2\/media?parent=504"}],"curies":[{"name":"wp","href":"https:\/\/api.w.org\/{rel}","templated":true}]}}