{"id":1615,"date":"2019-09-08T00:25:43","date_gmt":"2019-09-07T23:25:43","guid":{"rendered":"http:\/\/kabyles2quebec.com\/fk2q\/?page_id=1615"},"modified":"2019-09-08T00:25:43","modified_gmt":"2019-09-07T23:25:43","slug":"fiche-dinscription","status":"publish","type":"page","link":"http:\/\/kabyles2quebec.com\/fk2q\/fiche-dinscription\/","title":{"rendered":"Fiche d&rsquo;inscription"},"content":{"rendered":"<div class=\"wpforms-container wpforms-container-full\" id=\"wpforms-1588\"><form id=\"wpforms-form-1588\" class=\"wpforms-validate wpforms-form\" data-formid=\"1588\" method=\"post\" enctype=\"multipart\/form-data\" action=\"\/fk2q\/wp-json\/wp\/v2\/pages\/1615\" data-token=\"7a2fc3af576e2eb0152b21048033a75e\"><noscript class=\"wpforms-error-noscript\">Please enable JavaScript in your browser to complete this form.<\/noscript><div class=\"wpforms-field-container\"><div id=\"wpforms-1588-field_0-container\" class=\"wpforms-field wpforms-field-name\" data-field-id=\"0\"><label class=\"wpforms-field-label\" for=\"wpforms-1588-field_0\">Pr\u00e9nom et nom du responsable <span class=\"wpforms-required-label\">*<\/span><\/label><div class=\"wpforms-field-row wpforms-field-medium\"><div class=\"wpforms-field-row-block wpforms-first wpforms-one-half\"><input type=\"text\" id=\"wpforms-1588-field_0\" class=\"wpforms-field-name-first wpforms-field-required\" name=\"wpforms[fields][0][first]\" required><label for=\"wpforms-1588-field_0\" class=\"wpforms-field-sublabel after \">First<\/label><\/div><div class=\"wpforms-field-row-block wpforms-one-half\"><input type=\"text\" id=\"wpforms-1588-field_0-last\" class=\"wpforms-field-name-last wpforms-field-required\" name=\"wpforms[fields][0][last]\" required><label for=\"wpforms-1588-field_0-last\" class=\"wpforms-field-sublabel after \">Last<\/label><\/div><\/div><\/div><div id=\"wpforms-1588-field_1-container\" class=\"wpforms-field wpforms-field-email\" data-field-id=\"1\"><label class=\"wpforms-field-label\" for=\"wpforms-1588-field_1\">Email <span class=\"wpforms-required-label\">*<\/span><\/label><input type=\"email\" id=\"wpforms-1588-field_1\" class=\"wpforms-field-medium wpforms-field-required\" name=\"wpforms[fields][1]\" required><\/div><div id=\"wpforms-1588-field_3-container\" class=\"wpforms-field wpforms-field-number\" data-field-id=\"3\"><label class=\"wpforms-field-label\" for=\"wpforms-1588-field_3\">Num\u00e9ro de t\u00e9l\u00e9phone<\/label><input type=\"number\" pattern=\"\\d*\" id=\"wpforms-1588-field_3\" class=\"wpforms-field-medium\" name=\"wpforms[fields][3]\" ><\/div><div id=\"wpforms-1588-field_2-container\" class=\"wpforms-field wpforms-field-textarea\" data-field-id=\"2\"><label class=\"wpforms-field-label\" for=\"wpforms-1588-field_2\">Information sur les enfants  <span class=\"wpforms-required-label\">*<\/span><\/label><textarea id=\"wpforms-1588-field_2\" class=\"wpforms-field-medium wpforms-field-required\" name=\"wpforms[fields][2]\" placeholder=\"Veuillez saisir les informations concernant les enfants \u00e0 inscrire.                                                                                                                       Enfant 1 (Nom et pr\u00e9nom) : ....................   - .........................                                       Age : .............                                                                                                               Enfant 2 (Nom et pr\u00e9nom) : ....................   - .........................                                       Age : ..............                                              \" required><\/textarea><\/div><\/div><div class=\"wpforms-field wpforms-field-hp\"><label for=\"wpforms-1588-field-hp\" class=\"wpforms-field-label\">Phone<\/label><input type=\"text\" name=\"wpforms[hp]\" id=\"wpforms-1588-field-hp\" class=\"wpforms-field-medium\"><\/div><div class=\"wpforms-submit-container\"><input type=\"hidden\" name=\"wpforms[id]\" value=\"1588\"><input type=\"hidden\" name=\"wpforms[author]\" value=\"9\"><button type=\"submit\" name=\"wpforms[submit]\" id=\"wpforms-submit-1588\" class=\"wpforms-submit\" aria-live=\"assertive\" value=\"wpforms-submit\">Envoyer<\/button><\/div><\/form><\/div>  <!-- .wpforms-container -->\n\n\n\n<p><\/p>\n","protected":false},"excerpt":{"rendered":"<a class=\"moretag\" href=\"http:\/\/kabyles2quebec.com\/fk2q\/fiche-dinscription\/\"> [...]<\/a>","protected":false},"author":9,"featured_media":0,"parent":0,"menu_order":0,"comment_status":"closed","ping_status":"closed","template":"","meta":[],"_links":{"self":[{"href":"http:\/\/kabyles2quebec.com\/fk2q\/wp-json\/wp\/v2\/pages\/1615"}],"collection":[{"href":"http:\/\/kabyles2quebec.com\/fk2q\/wp-json\/wp\/v2\/pages"}],"about":[{"href":"http:\/\/kabyles2quebec.com\/fk2q\/wp-json\/wp\/v2\/types\/page"}],"author":[{"embeddable":true,"href":"http:\/\/kabyles2quebec.com\/fk2q\/wp-json\/wp\/v2\/users\/9"}],"replies":[{"embeddable":true,"href":"http:\/\/kabyles2quebec.com\/fk2q\/wp-json\/wp\/v2\/comments?post=1615"}],"version-history":[{"count":3,"href":"http:\/\/kabyles2quebec.com\/fk2q\/wp-json\/wp\/v2\/pages\/1615\/revisions"}],"predecessor-version":[{"id":1618,"href":"http:\/\/kabyles2quebec.com\/fk2q\/wp-json\/wp\/v2\/pages\/1615\/revisions\/1618"}],"wp:attachment":[{"href":"http:\/\/kabyles2quebec.com\/fk2q\/wp-json\/wp\/v2\/media?parent=1615"}],"curies":[{"name":"wp","href":"https:\/\/api.w.org\/{rel}","templated":true}]}}